{"id":255404,"date":"2021-03-18T15:24:21","date_gmt":"2021-03-18T14:24:21","guid":{"rendered":"https:\/\/www.murgibe.com\/aviso-legal\/"},"modified":"2024-04-18T09:59:58","modified_gmt":"2024-04-18T07:59:58","slug":"lege-oharra","status":"publish","type":"page","link":"https:\/\/www.murgibe.com\/eu\/lege-oharra\/","title":{"rendered":"Lege oharra"},"content":{"rendered":"<p>[et_pb_section fb_built=&#8221;1&#8243; _builder_version=&#8221;4.16&#8243; _module_preset=&#8221;default&#8221; background_color=&#8221;rgba(255,255,255,0.65)&#8221; background_image=&#8221;https:\/\/www.murgibe.com\/wp-content\/uploads\/2021\/03\/general_encabezado.jpg&#8221; background_blend=&#8221;overlay&#8221; height=&#8221;350px&#8221; height_tablet=&#8221;&#8221; height_phone=&#8221;&#8221; height_last_edited=&#8221;on|tablet&#8221; custom_padding=&#8221;||0px|||&#8221; top_divider_style=&#8221;asymmetric4&#8243; top_divider_color=&#8221;rgba(17,172,223,0.5)&#8221; top_divider_height=&#8221;75px&#8221; top_divider_height_tablet=&#8221;55px&#8221; top_divider_height_phone=&#8221;&#8221; top_divider_height_last_edited=&#8221;on|phone&#8221; global_colors_info=&#8221;{}&#8221;][et_pb_row custom_padding_last_edited=&#8221;off|phone&#8221; _builder_version=&#8221;4.16&#8243; _module_preset=&#8221;default&#8221; custom_padding=&#8221;4%||||false|false&#8221; global_colors_info=&#8221;{}&#8221;][et_pb_column type=&#8221;4_4&#8243; _builder_version=&#8221;4.16&#8243; _module_preset=&#8221;default&#8221; global_colors_info=&#8221;{}&#8221;][et_pb_post_title meta=&#8221;off&#8221; featured_image=&#8221;off&#8221; _builder_version=&#8221;4.16&#8243; _module_preset=&#8221;default&#8221; title_font_size=&#8221;45px&#8221; title_line_height=&#8221;1.2em&#8221; title_text_align_tablet=&#8221;center&#8221; title_text_align_phone=&#8221;&#8221; title_text_align_last_edited=&#8221;on|tablet&#8221; title_font_size_tablet=&#8221;40px&#8221; title_font_size_phone=&#8221;30px&#8221; title_font_size_last_edited=&#8221;on|desktop&#8221; title_text_shadow_style=&#8221;preset1&#8243; title_text_shadow_color=&#8221;rgba(87,87,87,0.3)&#8221; global_colors_info=&#8221;{}&#8221;][\/et_pb_post_title][\/et_pb_column][\/et_pb_row][\/et_pb_section][et_pb_section fb_built=&#8221;1&#8243; _builder_version=&#8221;4.16&#8243; _module_preset=&#8221;default&#8221; custom_padding=&#8221;75px||100px||false|false&#8221; bottom_divider_style=&#8221;asymmetric3&#8243; bottom_divider_color=&#8221;#333333&#8243; bottom_divider_height=&#8221;30px&#8221; global_colors_info=&#8221;{}&#8221;][et_pb_row _builder_version=&#8221;4.16&#8243; _module_preset=&#8221;default&#8221; custom_padding=&#8221;0px||0px|||&#8221; global_colors_info=&#8221;{}&#8221;][et_pb_column type=&#8221;4_4&#8243; _builder_version=&#8221;4.16&#8243; _module_preset=&#8221;default&#8221; global_colors_info=&#8221;{}&#8221;][et_pb_text _builder_version=&#8221;4.22.1&#8243; _module_preset=&#8221;default&#8221; global_colors_info=&#8221;{}&#8221;]<\/p>\n<p>De acuerdo con la exigencia establecida en art\u00edculo 10 de la Ley 34\/2002, del 11 de julio, de Servicios de la Sociedad de la Informaci\u00f3n y del Comercio Electr\u00f3nico, se cumple con la obligaci\u00f3n de informar a todas las personas usuarias e interesadas sobre la responsabilidad y titularidad del dominio web\u00a0www.murgibe.com<\/p>\n<h2>Informaci\u00f3n general sobre el titular de la web<\/h2>\n<p>Esta web pertenece a la empresa MURGIBE S.L (a partir de ahora Murgibe) y por lo tanto es la responsable del tratamiento de datos recabados a trav\u00e9s de la misma.<\/p>\n<ul>\n<li>Murgibe Consultor\u00eda de Igualdad S.L<\/li>\n<li>CIF: B48729719<\/li>\n<li>Datos de registro: Registro Mercantil de Bizkaia: Tomo: 3184, Libro: 0, Folio: 30, Secci\u00f3n: 8, Hoja Bi-13097<\/li>\n<li>Direcci\u00f3n de contacto: Avda. Lehendakari Aguirre 11 2\u00ba dpto 8, 48014-Bilbao (Bizkaia)<\/li>\n<\/ul>\n<p>Puedes ponerte en contacto con Murgibe, para cualquier aspecto relacionado con este aviso legal, en la direcci\u00f3n de correo electr\u00f3nico:\u00a0<a href=\"mailto:info@murgibe.com\">info@murgibe.com<\/a><\/p>\n<p>[\/et_pb_text][\/et_pb_column][\/et_pb_row][\/et_pb_section]<\/p>\n","protected":false},"excerpt":{"rendered":"<p>Aviso legal y normas de uso de la web y nuestra protecci\u00f3n de datos.<\/p>\n","protected":false},"author":2,"featured_media":0,"parent":0,"menu_order":0,"comment_status":"closed","ping_status":"closed","template":"","meta":{"_et_pb_use_builder":"on","_et_pb_old_content":"<!-- wp:divi\/placeholder \/-->","_et_gb_content_width":"","footnotes":""},"class_list":["post-255404","page","type-page","status-publish","hentry"],"yoast_head":"<!-- This site is optimized with the Yoast SEO plugin v27.3 - https:\/\/yoast.com\/product\/yoast-seo-wordpress\/ -->\n<title>Lege oharra &#183; Murgibe, Consultor\u00eda de Igualdad<\/title>\n<meta name=\"description\" content=\"Legezko oharra eta webgunea erabiltzeko arauak eta gure datuen babesa.\" \/>\n<meta name=\"robots\" content=\"index, follow, max-snippet:-1, max-image-preview:large, max-video-preview:-1\" \/>\n<link rel=\"canonical\" href=\"https:\/\/www.murgibe.com\/eu\/lege-oharra\/\" \/>\n<meta property=\"og:locale\" content=\"eu_ES\" \/>\n<meta property=\"og:type\" content=\"article\" \/>\n<meta property=\"og:title\" content=\"Lege oharra &#183; Murgibe, Consultor\u00eda de Igualdad\" \/>\n<meta property=\"og:description\" content=\"Legezko oharra eta webgunea erabiltzeko arauak eta gure datuen babesa.\" \/>\n<meta property=\"og:url\" content=\"https:\/\/www.murgibe.com\/eu\/lege-oharra\/\" \/>\n<meta property=\"og:site_name\" content=\"Murgibe, Consultor\u00eda de Igualdad\" \/>\n<meta property=\"article:publisher\" content=\"https:\/\/www.facebook.com\/Murgibe-Igualdad-146970052052161\/\" \/>\n<meta property=\"article:modified_time\" content=\"2024-04-18T07:59:58+00:00\" \/>\n<meta name=\"twitter:card\" content=\"summary_large_image\" \/>\n<meta name=\"twitter:site\" content=\"@murgibe\" \/>\n<meta name=\"twitter:label1\" content=\"Est. reading time\" \/>\n\t<meta name=\"twitter:data1\" content=\"1 minute\" \/>\n<script type=\"application\/ld+json\" class=\"yoast-schema-graph\">{\"@context\":\"https:\\\/\\\/schema.org\",\"@graph\":[{\"@type\":\"WebPage\",\"@id\":\"https:\\\/\\\/www.murgibe.com\\\/eu\\\/lege-oharra\\\/\",\"url\":\"https:\\\/\\\/www.murgibe.com\\\/eu\\\/lege-oharra\\\/\",\"name\":\"Lege oharra &#183; Murgibe, Consultor\u00eda de Igualdad\",\"isPartOf\":{\"@id\":\"https:\\\/\\\/www.murgibe.com\\\/#website\"},\"datePublished\":\"2021-03-18T14:24:21+00:00\",\"dateModified\":\"2024-04-18T07:59:58+00:00\",\"description\":\"Legezko oharra eta webgunea erabiltzeko arauak eta gure datuen babesa.\",\"breadcrumb\":{\"@id\":\"https:\\\/\\\/www.murgibe.com\\\/eu\\\/lege-oharra\\\/#breadcrumb\"},\"inLanguage\":\"eu-ES\",\"potentialAction\":[{\"@type\":\"ReadAction\",\"target\":[\"https:\\\/\\\/www.murgibe.com\\\/eu\\\/lege-oharra\\\/\"]}]},{\"@type\":\"BreadcrumbList\",\"@id\":\"https:\\\/\\\/www.murgibe.com\\\/eu\\\/lege-oharra\\\/#breadcrumb\",\"itemListElement\":[{\"@type\":\"ListItem\",\"position\":1,\"name\":\"Portada\",\"item\":\"https:\\\/\\\/www.murgibe.com\\\/\"},{\"@type\":\"ListItem\",\"position\":2,\"name\":\"Lege oharra\"}]},{\"@type\":\"WebSite\",\"@id\":\"https:\\\/\\\/www.murgibe.com\\\/#website\",\"url\":\"https:\\\/\\\/www.murgibe.com\\\/\",\"name\":\"Murgibe, Consultor\u00eda de Igualdad\",\"description\":\"Consultor\u00eda de Igualdad\",\"publisher\":{\"@id\":\"https:\\\/\\\/www.murgibe.com\\\/#organization\"},\"potentialAction\":[{\"@type\":\"SearchAction\",\"target\":{\"@type\":\"EntryPoint\",\"urlTemplate\":\"https:\\\/\\\/www.murgibe.com\\\/?s={search_term_string}\"},\"query-input\":{\"@type\":\"PropertyValueSpecification\",\"valueRequired\":true,\"valueName\":\"search_term_string\"}}],\"inLanguage\":\"eu-ES\"},{\"@type\":\"Organization\",\"@id\":\"https:\\\/\\\/www.murgibe.com\\\/#organization\",\"name\":\"Murgibe - Consultor\u00eda de Igualdad\",\"url\":\"https:\\\/\\\/www.murgibe.com\\\/\",\"logo\":{\"@type\":\"ImageObject\",\"inLanguage\":\"eu-ES\",\"@id\":\"https:\\\/\\\/www.murgibe.com\\\/#\\\/schema\\\/logo\\\/image\\\/\",\"url\":\"https:\\\/\\\/www.murgibe.com\\\/wp-content\\\/uploads\\\/2021\\\/03\\\/logo.png\",\"contentUrl\":\"https:\\\/\\\/www.murgibe.com\\\/wp-content\\\/uploads\\\/2021\\\/03\\\/logo.png\",\"width\":300,\"height\":150,\"caption\":\"Murgibe - Consultor\u00eda de Igualdad\"},\"image\":{\"@id\":\"https:\\\/\\\/www.murgibe.com\\\/#\\\/schema\\\/logo\\\/image\\\/\"},\"sameAs\":[\"https:\\\/\\\/www.facebook.com\\\/Murgibe-Igualdad-146970052052161\\\/\",\"https:\\\/\\\/x.com\\\/murgibe\"]}]}<\/script>\n<!-- \/ Yoast SEO plugin. -->","yoast_head_json":{"title":"Lege oharra &#183; Murgibe, Consultor\u00eda de Igualdad","description":"Legezko oharra eta webgunea erabiltzeko arauak eta gure datuen babesa.","robots":{"index":"index","follow":"follow","max-snippet":"max-snippet:-1","max-image-preview":"max-image-preview:large","max-video-preview":"max-video-preview:-1"},"canonical":"https:\/\/www.murgibe.com\/eu\/lege-oharra\/","og_locale":"eu_ES","og_type":"article","og_title":"Lege oharra &#183; Murgibe, Consultor\u00eda de Igualdad","og_description":"Legezko oharra eta webgunea erabiltzeko arauak eta gure datuen babesa.","og_url":"https:\/\/www.murgibe.com\/eu\/lege-oharra\/","og_site_name":"Murgibe, Consultor\u00eda de Igualdad","article_publisher":"https:\/\/www.facebook.com\/Murgibe-Igualdad-146970052052161\/","article_modified_time":"2024-04-18T07:59:58+00:00","twitter_card":"summary_large_image","twitter_site":"@murgibe","twitter_misc":{"Est. reading time":"1 minute"},"schema":{"@context":"https:\/\/schema.org","@graph":[{"@type":"WebPage","@id":"https:\/\/www.murgibe.com\/eu\/lege-oharra\/","url":"https:\/\/www.murgibe.com\/eu\/lege-oharra\/","name":"Lege oharra &#183; Murgibe, Consultor\u00eda de Igualdad","isPartOf":{"@id":"https:\/\/www.murgibe.com\/#website"},"datePublished":"2021-03-18T14:24:21+00:00","dateModified":"2024-04-18T07:59:58+00:00","description":"Legezko oharra eta webgunea erabiltzeko arauak eta gure datuen babesa.","breadcrumb":{"@id":"https:\/\/www.murgibe.com\/eu\/lege-oharra\/#breadcrumb"},"inLanguage":"eu-ES","potentialAction":[{"@type":"ReadAction","target":["https:\/\/www.murgibe.com\/eu\/lege-oharra\/"]}]},{"@type":"BreadcrumbList","@id":"https:\/\/www.murgibe.com\/eu\/lege-oharra\/#breadcrumb","itemListElement":[{"@type":"ListItem","position":1,"name":"Portada","item":"https:\/\/www.murgibe.com\/"},{"@type":"ListItem","position":2,"name":"Lege oharra"}]},{"@type":"WebSite","@id":"https:\/\/www.murgibe.com\/#website","url":"https:\/\/www.murgibe.com\/","name":"Murgibe, Consultor\u00eda de Igualdad","description":"Consultor\u00eda de Igualdad","publisher":{"@id":"https:\/\/www.murgibe.com\/#organization"},"potentialAction":[{"@type":"SearchAction","target":{"@type":"EntryPoint","urlTemplate":"https:\/\/www.murgibe.com\/?s={search_term_string}"},"query-input":{"@type":"PropertyValueSpecification","valueRequired":true,"valueName":"search_term_string"}}],"inLanguage":"eu-ES"},{"@type":"Organization","@id":"https:\/\/www.murgibe.com\/#organization","name":"Murgibe - Consultor\u00eda de Igualdad","url":"https:\/\/www.murgibe.com\/","logo":{"@type":"ImageObject","inLanguage":"eu-ES","@id":"https:\/\/www.murgibe.com\/#\/schema\/logo\/image\/","url":"https:\/\/www.murgibe.com\/wp-content\/uploads\/2021\/03\/logo.png","contentUrl":"https:\/\/www.murgibe.com\/wp-content\/uploads\/2021\/03\/logo.png","width":300,"height":150,"caption":"Murgibe - Consultor\u00eda de Igualdad"},"image":{"@id":"https:\/\/www.murgibe.com\/#\/schema\/logo\/image\/"},"sameAs":["https:\/\/www.facebook.com\/Murgibe-Igualdad-146970052052161\/","https:\/\/x.com\/murgibe"]}]}},"_links":{"self":[{"href":"https:\/\/www.murgibe.com\/eu\/wp-json\/wp\/v2\/pages\/255404","targetHints":{"allow":["GET"]}}],"collection":[{"href":"https:\/\/www.murgibe.com\/eu\/wp-json\/wp\/v2\/pages"}],"about":[{"href":"https:\/\/www.murgibe.com\/eu\/wp-json\/wp\/v2\/types\/page"}],"author":[{"embeddable":true,"href":"https:\/\/www.murgibe.com\/eu\/wp-json\/wp\/v2\/users\/2"}],"replies":[{"embeddable":true,"href":"https:\/\/www.murgibe.com\/eu\/wp-json\/wp\/v2\/comments?post=255404"}],"version-history":[{"count":4,"href":"https:\/\/www.murgibe.com\/eu\/wp-json\/wp\/v2\/pages\/255404\/revisions"}],"predecessor-version":[{"id":255594,"href":"https:\/\/www.murgibe.com\/eu\/wp-json\/wp\/v2\/pages\/255404\/revisions\/255594"}],"wp:attachment":[{"href":"https:\/\/www.murgibe.com\/eu\/wp-json\/wp\/v2\/media?parent=255404"}],"curies":[{"name":"wp","href":"https:\/\/api.w.org\/{rel}","templated":true}]}}