{"id":255433,"date":"2021-03-25T14:56:50","date_gmt":"2021-03-25T13:56:50","guid":{"rendered":"https:\/\/www.murgibe.com\/formacion\/comunicacion-y-uso-del-lenguaje-inclusivo\/"},"modified":"2026-04-29T17:26:34","modified_gmt":"2026-04-29T15:26:34","slug":"comunicacion-y-uso-del-lenguaje-inclusivo","status":"publish","type":"page","link":"https:\/\/www.murgibe.com\/eu\/formacion\/comunicacion-y-uso-del-lenguaje-inclusivo\/","title":{"rendered":"Hizkuntzaren erabilera berdinzalea"},"content":{"rendered":"<p>[et_pb_section fb_built=&#8221;1&#8243; _builder_version=&#8221;4.16&#8243; _module_preset=&#8221;default&#8221; background_color=&#8221;rgba(255,255,255,0.65)&#8221; background_image=&#8221;https:\/\/www.murgibe.com\/wp-content\/uploads\/2021\/03\/curso_encabezado.jpg&#8221; background_blend=&#8221;overlay&#8221; height=&#8221;350px&#8221; height_tablet=&#8221;&#8221; height_phone=&#8221;&#8221; height_last_edited=&#8221;on|tablet&#8221; custom_padding=&#8221;||0px|||&#8221; top_divider_style=&#8221;asymmetric4&#8243; top_divider_color=&#8221;rgba(17,172,223,0.5)&#8221; top_divider_height=&#8221;75px&#8221; top_divider_height_tablet=&#8221;55px&#8221; top_divider_height_phone=&#8221;&#8221; top_divider_height_last_edited=&#8221;on|phone&#8221; locked=&#8221;off&#8221; global_colors_info=&#8221;{}&#8221;][et_pb_row custom_padding_last_edited=&#8221;off|phone&#8221; _builder_version=&#8221;4.16&#8243; _module_preset=&#8221;default&#8221; custom_padding=&#8221;4%||||false|false&#8221; global_colors_info=&#8221;{}&#8221;][et_pb_column type=&#8221;4_4&#8243; _builder_version=&#8221;4.16&#8243; _module_preset=&#8221;default&#8221; global_colors_info=&#8221;{}&#8221;][et_pb_post_title meta=&#8221;off&#8221; featured_image=&#8221;off&#8221; _builder_version=&#8221;4.16&#8243; _module_preset=&#8221;default&#8221; title_font_size=&#8221;45px&#8221; title_line_height=&#8221;1.2em&#8221; title_text_align_tablet=&#8221;center&#8221; title_text_align_phone=&#8221;&#8221; title_text_align_last_edited=&#8221;on|tablet&#8221; title_font_size_tablet=&#8221;40px&#8221; title_font_size_phone=&#8221;30px&#8221; title_font_size_last_edited=&#8221;on|desktop&#8221; title_text_shadow_style=&#8221;preset1&#8243; title_text_shadow_color=&#8221;rgba(87,87,87,0.3)&#8221; global_colors_info=&#8221;{}&#8221;][\/et_pb_post_title][\/et_pb_column][\/et_pb_row][\/et_pb_section][et_pb_section fb_built=&#8221;1&#8243; _builder_version=&#8221;4.16&#8243; _module_preset=&#8221;default&#8221; custom_padding=&#8221;75px||75px||true|false&#8221; bottom_divider_color=&#8221;#333333&#8243; locked=&#8221;off&#8221; global_colors_info=&#8221;{}&#8221;][et_pb_row _builder_version=&#8221;4.25.1&#8243; _module_preset=&#8221;default&#8221; custom_padding=&#8221;0px||0px|||&#8221; global_colors_info=&#8221;{}&#8221;][et_pb_column type=&#8221;4_4&#8243; _builder_version=&#8221;4.16&#8243; _module_preset=&#8221;default&#8221; global_colors_info=&#8221;{}&#8221;][et_pb_text _builder_version=&#8221;4.27.6&#8243; _module_preset=&#8221;default&#8221; hover_enabled=&#8221;0&#8243; global_colors_info=&#8221;{}&#8221; sticky_enabled=&#8221;0&#8243;]<\/p>\n<p> Barne-komunikazioan eta kanpo-komunikazioan genero-ikuspegia txertatzeko ikastaroa, mezu inklusiboak, berdintasunezkoak eta berdintasun-balioekin koherenteak sustatuz.\n <\/p>\n<p>[\/et_pb_text][et_pb_text module_class=&#8221;title&#8211;bold&#8221; _builder_version=&#8221;4.27.6&#8243; _module_preset=&#8221;default&#8221; text_text_color=&#8221;#333333&#8243; text_font_size=&#8221;20px&#8221; header_2_font=&#8221;||||||||&#8221; header_2_text_color=&#8221;#11ACDF&#8221; header_2_font_size=&#8221;25px&#8221; width=&#8221;60%&#8221; width_tablet=&#8221;65%&#8221; width_phone=&#8221;90%&#8221; width_last_edited=&#8221;on|desktop&#8221; custom_margin=&#8221;||30px||false|false&#8221; hover_enabled=&#8221;0&#8243; text_font_size_tablet=&#8221;18px&#8221; text_font_size_phone=&#8221;18px&#8221; text_font_size_last_edited=&#8221;on|desktop&#8221; header_2_font_size_tablet=&#8221;&#8221; header_2_font_size_phone=&#8221;20px&#8221; header_2_font_size_last_edited=&#8221;on|tablet&#8221; border_width_bottom=&#8221;1px&#8221; border_color_bottom=&#8221;#575757&#8243; global_colors_info=&#8221;{}&#8221; sticky_enabled=&#8221;0&#8243;]<\/p>\n<h2>Ikastaroaren helburuak<\/h2>\n<p>[\/et_pb_text][et_pb_text _builder_version=&#8221;4.27.6&#8243; _module_preset=&#8221;default&#8221; hover_enabled=&#8221;0&#8243; global_colors_info=&#8221;{}&#8221; sticky_enabled=&#8221;0&#8243;]<\/p>\n<ul class=\"ul1\">\n<li class=\"li1\"> Hizkuntzaren eta komunikazioaren erabilera sexistak edo baztertzaileak identifikatzea.\n<\/li>\n<li class=\"li1\">AKomunikazio inklusiboko eta genero-ikuspegidun irizpideak aplikatzea.<\/li>\n<li class=\"li1\"> Erakundearen  komunikazio-inpaktua hobetzea. <\/li>\n<\/ul>\n<p>[\/et_pb_text][et_pb_text module_class=&#8221;title&#8211;bold&#8221; _builder_version=&#8221;4.27.6&#8243; _module_preset=&#8221;default&#8221; text_text_color=&#8221;#333333&#8243; text_font_size=&#8221;20px&#8221; header_2_font=&#8221;||||||||&#8221; header_2_text_color=&#8221;#11ACDF&#8221; header_2_font_size=&#8221;25px&#8221; width=&#8221;60%&#8221; width_tablet=&#8221;65%&#8221; width_phone=&#8221;90%&#8221; width_last_edited=&#8221;on|desktop&#8221; custom_margin=&#8221;||30px||false|false&#8221; hover_enabled=&#8221;0&#8243; text_font_size_tablet=&#8221;18px&#8221; text_font_size_phone=&#8221;18px&#8221; text_font_size_last_edited=&#8221;on|desktop&#8221; header_2_font_size_tablet=&#8221;&#8221; header_2_font_size_phone=&#8221;20px&#8221; header_2_font_size_last_edited=&#8221;on|tablet&#8221; border_width_bottom=&#8221;1px&#8221; border_color_bottom=&#8221;#575757&#8243; global_colors_info=&#8221;{}&#8221; sticky_enabled=&#8221;0&#8243;]<\/p>\n<h2>Ohiko edukiak<\/h2>\n<p>[\/et_pb_text][et_pb_text _builder_version=&#8221;4.27.6&#8243; _module_preset=&#8221;default&#8221; hover_enabled=&#8221;0&#8243; global_colors_info=&#8221;{}&#8221; sticky_enabled=&#8221;0&#8243;]<\/p>\n<p><span style=\"color: #11acdf;\"><i class=\"fas fa-check\"><\/i><\/span> Komunikazioa eta generoa: funtsezko kontzeptuak.\n<\/p>\n<p><span style=\"color: #11acdf;\"><i class=\"fas fa-check\"><\/i><\/span> Hizkuntza inklusiboa eta ez-sexista. <\/p>\n<p><span style=\"color: #11acdf;\"><i class=\"fas fa-check\"><\/i><\/span> Emakumeen eta gizonen irudikapena testu eta irudietan.\n<\/p>\n<p><span style=\"color: #11acdf;\"><i class=\"fas fa-check\"><\/i><\/span> Materialak\u00a0eta\u00a0komunikazio-kanalak\u00a0berrikustea. <\/p>\n<p><span style=\"color: #11acdf;\"><i class=\"fas fa-check\"><\/i><\/span> Genero-ikuspegidun\u00a0komunikazioko\u00a0jardunbide\u00a0egokiak.<\/p>\n<p>[\/et_pb_text][et_pb_button button_url=&#8221;\/contacto\/&#8221; button_text=&#8221;Jarri gurekin harremanetan&#8221; button_alignment=&#8221;center&#8221; _builder_version=&#8221;4.27.6&#8243; _module_preset=&#8221;default&#8221; custom_button=&#8221;on&#8221; button_text_color=&#8221;#FFFFFF&#8221; button_bg_color=&#8221;#11ACDF&#8221; button_border_color=&#8221;#11ACDF&#8221; button_font=&#8221;||||||||&#8221; button_icon=&#8221;&#xe010;||divi||400&#8243; button_icon_color=&#8221;#FFFFFF&#8221; button_on_hover=&#8221;off&#8221; hover_enabled=&#8221;0&#8243; button_text_size_tablet=&#8221;&#8221; button_text_size_phone=&#8221;18px&#8221; button_text_size_last_edited=&#8221;on|phone&#8221; locked=&#8221;off&#8221; global_colors_info=&#8221;{}&#8221; button_bg_color__hover_enabled=&#8221;on|hover&#8221; button_bg_color__hover=&#8221;#FFFFFF&#8221; button_bg_enable_color__hover=&#8221;on&#8221; button_text_color__hover_enabled=&#8221;on|desktop&#8221; button_text_color__hover=&#8221;#11ACDF&#8221; button_icon_color__hover_enabled=&#8221;on|desktop&#8221; button_icon_color__hover=&#8221;#11ACDF&#8221; sticky_enabled=&#8221;0&#8243;][\/et_pb_button][\/et_pb_column][\/et_pb_row][\/et_pb_section][et_pb_section fb_built=&#8221;1&#8243; custom_padding_last_edited=&#8221;on|tablet&#8221; prev_background_color=&#8221;#ffffff&#8221; _builder_version=&#8221;4.16&#8243; _module_preset=&#8221;default&#8221; background_color=&#8221;rgba(17,172,223,0.1)&#8221; custom_padding=&#8221;100px||100px||false|false&#8221; custom_padding_tablet=&#8221;80px||75px||false|false&#8221; custom_padding_phone=&#8221;60px||75px||false|false&#8221; top_divider_style=&#8221;asymmetric&#8221; top_divider_height=&#8221;30px&#8221; bottom_divider_style=&#8221;asymmetric3&#8243; bottom_divider_color=&#8221;#333333&#8243; bottom_divider_height=&#8221;30px&#8221; locked=&#8221;off&#8221; global_colors_info=&#8221;{}&#8221;][et_pb_row _builder_version=&#8221;4.16&#8243; _module_preset=&#8221;default&#8221; custom_padding=&#8221;0px||0px|||&#8221; global_colors_info=&#8221;{}&#8221;][et_pb_column type=&#8221;4_4&#8243; _builder_version=&#8221;4.16&#8243; _module_preset=&#8221;default&#8221; global_colors_info=&#8221;{}&#8221;][et_pb_text _builder_version=&#8221;4.27.6&#8243; _module_preset=&#8221;default&#8221; text_text_color=&#8221;#333333&#8243; text_font_size=&#8221;20px&#8221; header_2_font=&#8221;||||||||&#8221; header_2_text_color=&#8221;#333333&#8243; header_2_font_size=&#8221;35px&#8221; text_orientation=&#8221;center&#8221; hover_enabled=&#8221;0&#8243; text_font_size_tablet=&#8221;18px&#8221; text_font_size_phone=&#8221;18px&#8221; text_font_size_last_edited=&#8221;on|desktop&#8221; header_2_font_size_tablet=&#8221;30px&#8221; header_2_font_size_phone=&#8221;25px&#8221; header_2_font_size_last_edited=&#8221;on|phone&#8221; global_colors_info=&#8221;{}&#8221; sticky_enabled=&#8221;0&#8243;]<\/p>\n<h2>Ikastaroari buruzko informazio gehiago behar duzu?<\/h2>\n<p>[\/et_pb_text][et_pb_contact_form use_spam_service=&#8221;on&#8221; recaptcha_list=&#8221;Murgibe web|Murgibe web-0&#8243; email=&#8221;info@murgibe.com&#8221; custom_message=&#8221;WEB &#8211; FORMULARIO M\u00c1S INFORMACI\u00d3N CURSOS||et_pb_line_break_holder||||et_pb_line_break_holder||Nombre y apellidos: %%nombre%%||et_pb_line_break_holder||Tel\u00e9fono: %%telefono%%||et_pb_line_break_holder||Correo electr\u00f3nico: %%email%%||et_pb_line_break_holder||||et_pb_line_break_holder||Mensaje:||et_pb_line_break_holder||%%mensaje%%&#8221; success_message=&#8221;Eskerrik asko gurekin harremanetan jartzeagatik! Laster jarriko gara zurekin harremanetan.&#8221; submit_button_text=&#8221;Bidali nire kontsulta&#8221; _builder_version=&#8221;4.27.6&#8243; _module_preset=&#8221;default&#8221; _unique_id=&#8221;ef9220a3-6005-4553-84d0-9b2833e448ac&#8221; form_field_background_color=&#8221;#FFFFFF&#8221; form_field_text_color=&#8221;rgba(87,87,87,0.6)&#8221; form_field_focus_text_color=&#8221;#575757&#8243; form_field_font_size=&#8221;16px&#8221; custom_button=&#8221;on&#8221; button_text_color=&#8221;#FFFFFF&#8221; button_bg_color=&#8221;#11ACDF&#8221; button_border_color=&#8221;#11ACDF&#8221; button_border_radius=&#8221;5px&#8221; button_font=&#8221;||||||||&#8221; button_icon=&#8221;&#xe010;||divi||400&#8243; button_icon_color=&#8221;#FFFFFF&#8221; button_on_hover=&#8221;off&#8221; width=&#8221;75%&#8221; width_tablet=&#8221;100%&#8221; width_phone=&#8221;&#8221; width_last_edited=&#8221;on|phone&#8221; module_alignment=&#8221;center&#8221; custom_margin=&#8221;||10px||false|false&#8221; hover_enabled=&#8221;0&#8243; button_text_size_tablet=&#8221;&#8221; button_text_size_phone=&#8221;18px&#8221; button_text_size_last_edited=&#8221;on|phone&#8221; button_text_color_last_edited=&#8221;off|desktop&#8221; global_colors_info=&#8221;{}&#8221; button_text_color__hover_enabled=&#8221;on|hover&#8221; button_text_color__hover=&#8221;#11ACDF&#8221; button_bg_color__hover_enabled=&#8221;on|desktop&#8221; button_bg_color__hover=&#8221;RGBA(0,0,0,0)&#8221; button_bg_enable_color__hover=&#8221;on&#8221; button_icon_color__hover_enabled=&#8221;on|desktop&#8221; button_icon_color__hover=&#8221;#11ACDF&#8221; sticky_enabled=&#8221;0&#8243;][et_pb_contact_field field_id=&#8221;nombre&#8221; field_title=&#8221;Izena eta abizenak*&#8221; fullwidth_field=&#8221;on&#8221; _builder_version=&#8221;4.27.6&#8243; hover_enabled=&#8221;0&#8243; global_colors_info=&#8221;{}&#8221; button_text_size__hover_enabled=&#8221;off&#8221; button_one_text_size__hover_enabled=&#8221;off&#8221; button_two_text_size__hover_enabled=&#8221;off&#8221; button_text_color__hover_enabled=&#8221;off&#8221; button_one_text_color__hover_enabled=&#8221;off&#8221; button_two_text_color__hover_enabled=&#8221;off&#8221; button_border_width__hover_enabled=&#8221;off&#8221; button_one_border_width__hover_enabled=&#8221;off&#8221; button_two_border_width__hover_enabled=&#8221;off&#8221; button_border_color__hover_enabled=&#8221;off&#8221; button_one_border_color__hover_enabled=&#8221;off&#8221; button_two_border_color__hover_enabled=&#8221;off&#8221; button_border_radius__hover_enabled=&#8221;off&#8221; button_one_border_radius__hover_enabled=&#8221;off&#8221; button_two_border_radius__hover_enabled=&#8221;off&#8221; button_letter_spacing__hover_enabled=&#8221;off&#8221; button_one_letter_spacing__hover_enabled=&#8221;off&#8221; button_two_letter_spacing__hover_enabled=&#8221;off&#8221; button_bg_color__hover_enabled=&#8221;off&#8221; button_one_bg_color__hover_enabled=&#8221;off&#8221; button_two_bg_color__hover_enabled=&#8221;off&#8221; sticky_enabled=&#8221;0&#8243;][\/et_pb_contact_field][et_pb_contact_field field_id=&#8221;telefono&#8221; field_title=&#8221;Telefonoa *&#8221; _builder_version=&#8221;4.27.6&#8243; _module_preset=&#8221;default&#8221; hover_enabled=&#8221;0&#8243; global_colors_info=&#8221;{}&#8221; sticky_enabled=&#8221;0&#8243;][\/et_pb_contact_field][et_pb_contact_field field_id=&#8221;email&#8221; field_title=&#8221;Posta elektronikoa *&#8221; field_type=&#8221;email&#8221; _builder_version=&#8221;4.27.6&#8243; hover_enabled=&#8221;0&#8243; global_colors_info=&#8221;{}&#8221; button_text_size__hover_enabled=&#8221;off&#8221; button_one_text_size__hover_enabled=&#8221;off&#8221; button_two_text_size__hover_enabled=&#8221;off&#8221; button_text_color__hover_enabled=&#8221;off&#8221; button_one_text_color__hover_enabled=&#8221;off&#8221; button_two_text_color__hover_enabled=&#8221;off&#8221; button_border_width__hover_enabled=&#8221;off&#8221; button_one_border_width__hover_enabled=&#8221;off&#8221; button_two_border_width__hover_enabled=&#8221;off&#8221; button_border_color__hover_enabled=&#8221;off&#8221; button_one_border_color__hover_enabled=&#8221;off&#8221; button_two_border_color__hover_enabled=&#8221;off&#8221; button_border_radius__hover_enabled=&#8221;off&#8221; button_one_border_radius__hover_enabled=&#8221;off&#8221; button_two_border_radius__hover_enabled=&#8221;off&#8221; button_letter_spacing__hover_enabled=&#8221;off&#8221; button_one_letter_spacing__hover_enabled=&#8221;off&#8221; button_two_letter_spacing__hover_enabled=&#8221;off&#8221; button_bg_color__hover_enabled=&#8221;off&#8221; button_one_bg_color__hover_enabled=&#8221;off&#8221; button_two_bg_color__hover_enabled=&#8221;off&#8221; sticky_enabled=&#8221;0&#8243;][\/et_pb_contact_field][et_pb_contact_field field_id=&#8221;mensaje&#8221; field_title=&#8221;Zertan behar duzu laguntza?&#8221; field_type=&#8221;text&#8221; required_mark=&#8221;off&#8221; fullwidth_field=&#8221;on&#8221; _builder_version=&#8221;4.27.6&#8243; hover_enabled=&#8221;0&#8243; global_colors_info=&#8221;{}&#8221; button_text_size__hover_enabled=&#8221;off&#8221; button_one_text_size__hover_enabled=&#8221;off&#8221; button_two_text_size__hover_enabled=&#8221;off&#8221; button_text_color__hover_enabled=&#8221;off&#8221; button_one_text_color__hover_enabled=&#8221;off&#8221; button_two_text_color__hover_enabled=&#8221;off&#8221; button_border_width__hover_enabled=&#8221;off&#8221; button_one_border_width__hover_enabled=&#8221;off&#8221; button_two_border_width__hover_enabled=&#8221;off&#8221; button_border_color__hover_enabled=&#8221;off&#8221; button_one_border_color__hover_enabled=&#8221;off&#8221; button_two_border_color__hover_enabled=&#8221;off&#8221; button_border_radius__hover_enabled=&#8221;off&#8221; button_one_border_radius__hover_enabled=&#8221;off&#8221; button_two_border_radius__hover_enabled=&#8221;off&#8221; button_letter_spacing__hover_enabled=&#8221;off&#8221; button_one_letter_spacing__hover_enabled=&#8221;off&#8221; button_two_letter_spacing__hover_enabled=&#8221;off&#8221; button_bg_color__hover_enabled=&#8221;off&#8221; button_one_bg_color__hover_enabled=&#8221;off&#8221; button_two_bg_color__hover_enabled=&#8221;off&#8221; sticky_enabled=&#8221;0&#8243;][\/et_pb_contact_field][\/et_pb_contact_form][et_pb_text _builder_version=&#8221;4.27.6&#8243; _module_preset=&#8221;default&#8221; text_font_size=&#8221;10px&#8221; width=&#8221;75%&#8221; width_tablet=&#8221;100%&#8221; width_phone=&#8221;&#8221; width_last_edited=&#8221;on|phone&#8221; module_alignment=&#8221;center&#8221; custom_padding=&#8221;0px||0px||false|false&#8221; hover_enabled=&#8221;0&#8243; locked=&#8221;off&#8221; global_colors_info=&#8221;{}&#8221; sticky_enabled=&#8221;0&#8243;]<\/p>\n<p>Datu pertsonalen tratamenduari buruzko informazioa:<br \/><strong>Arduraduna:<\/strong> Murgibe S.L <strong>Helburua:<\/strong> zure iruzkina, zalantza edo eskaera erantzutea. <strong>Legitimazioa:<\/strong> aurrekontratuko eginbeharra.<br \/><strong>Hartzaileak:<\/strong> OVH (Europar Batasuneko zerbitzarietan).<br \/><strong>Iraupena:<\/strong> kontratu-harremanak irauten duen bitartean, edo azken mezua bidali ondorengo 12 hilabeteetan.<br \/><strong>Eskubideak:<\/strong> sarbidea, zuzenketa, ezabaketa, aurkaratzea, eta pribatutasun-politikan zehaztutako beste edozein. Informazio gehiago lortzeko, mesedez bisitatu pribatutasun-politika.<\/p>\n<p>[\/et_pb_text][\/et_pb_column][\/et_pb_row][\/et_pb_section]<\/p>\n","protected":false},"excerpt":{"rendered":"<p>Formaci\u00f3n online sobre la comunicaci\u00f3n y el uso del lenguaje inclusivo.<\/p>\n","protected":false},"author":2,"featured_media":0,"parent":255429,"menu_order":0,"comment_status":"closed","ping_status":"closed","template":"","meta":{"_et_pb_use_builder":"on","_et_pb_old_content":"<!-- wp:divi\/placeholder \/-->","_et_gb_content_width":"","footnotes":""},"class_list":["post-255433","page","type-page","status-publish","hentry"],"yoast_head":"<!-- This site is optimized with the Yoast SEO plugin v27.3 - https:\/\/yoast.com\/product\/yoast-seo-wordpress\/ -->\n<title>Hizkuntzaren erabilera berdinzalea &#183; Murgibe, Consultor\u00eda de Igualdad<\/title>\n<meta name=\"description\" content=\"Formaci\u00f3n online sobre la comunicaci\u00f3n y el uso del lenguaje inclusivo.\" \/>\n<meta name=\"robots\" content=\"index, follow, max-snippet:-1, max-image-preview:large, max-video-preview:-1\" \/>\n<link rel=\"canonical\" href=\"https:\/\/www.murgibe.com\/eu\/formacion\/comunicacion-y-uso-del-lenguaje-inclusivo\/\" \/>\n<meta property=\"og:locale\" content=\"eu_ES\" \/>\n<meta property=\"og:type\" content=\"article\" \/>\n<meta property=\"og:title\" content=\"Hizkuntzaren erabilera berdinzalea &#183; Murgibe, Consultor\u00eda de Igualdad\" \/>\n<meta property=\"og:description\" content=\"Formaci\u00f3n online sobre la comunicaci\u00f3n y el uso del lenguaje inclusivo.\" \/>\n<meta property=\"og:url\" content=\"https:\/\/www.murgibe.com\/eu\/formacion\/comunicacion-y-uso-del-lenguaje-inclusivo\/\" \/>\n<meta property=\"og:site_name\" content=\"Murgibe, Consultor\u00eda de Igualdad\" \/>\n<meta property=\"article:publisher\" content=\"https:\/\/www.facebook.com\/Murgibe-Igualdad-146970052052161\/\" \/>\n<meta property=\"article:modified_time\" content=\"2026-04-29T15:26:34+00:00\" \/>\n<meta name=\"twitter:card\" content=\"summary_large_image\" \/>\n<meta name=\"twitter:site\" content=\"@murgibe\" \/>\n<meta name=\"twitter:label1\" content=\"Est. reading time\" \/>\n\t<meta name=\"twitter:data1\" content=\"5 minutes\" \/>\n<script type=\"application\/ld+json\" class=\"yoast-schema-graph\">{\"@context\":\"https:\\\/\\\/schema.org\",\"@graph\":[{\"@type\":\"WebPage\",\"@id\":\"https:\\\/\\\/www.murgibe.com\\\/eu\\\/formacion\\\/comunicacion-y-uso-del-lenguaje-inclusivo\\\/\",\"url\":\"https:\\\/\\\/www.murgibe.com\\\/eu\\\/formacion\\\/comunicacion-y-uso-del-lenguaje-inclusivo\\\/\",\"name\":\"Hizkuntzaren erabilera berdinzalea &#183; Murgibe, Consultor\u00eda de Igualdad\",\"isPartOf\":{\"@id\":\"https:\\\/\\\/www.murgibe.com\\\/#website\"},\"datePublished\":\"2021-03-25T13:56:50+00:00\",\"dateModified\":\"2026-04-29T15:26:34+00:00\",\"description\":\"Formaci\u00f3n online sobre la comunicaci\u00f3n y el uso del lenguaje inclusivo.\",\"breadcrumb\":{\"@id\":\"https:\\\/\\\/www.murgibe.com\\\/eu\\\/formacion\\\/comunicacion-y-uso-del-lenguaje-inclusivo\\\/#breadcrumb\"},\"inLanguage\":\"eu-ES\",\"potentialAction\":[{\"@type\":\"ReadAction\",\"target\":[\"https:\\\/\\\/www.murgibe.com\\\/eu\\\/formacion\\\/comunicacion-y-uso-del-lenguaje-inclusivo\\\/\"]}]},{\"@type\":\"BreadcrumbList\",\"@id\":\"https:\\\/\\\/www.murgibe.com\\\/eu\\\/formacion\\\/comunicacion-y-uso-del-lenguaje-inclusivo\\\/#breadcrumb\",\"itemListElement\":[{\"@type\":\"ListItem\",\"position\":1,\"name\":\"Portada\",\"item\":\"https:\\\/\\\/www.murgibe.com\\\/\"},{\"@type\":\"ListItem\",\"position\":2,\"name\":\"Prestakuntza\",\"item\":\"https:\\\/\\\/www.murgibe.com\\\/eu\\\/formacion\\\/\"},{\"@type\":\"ListItem\",\"position\":3,\"name\":\"Hizkuntzaren erabilera berdinzalea\"}]},{\"@type\":\"WebSite\",\"@id\":\"https:\\\/\\\/www.murgibe.com\\\/#website\",\"url\":\"https:\\\/\\\/www.murgibe.com\\\/\",\"name\":\"Murgibe, Consultor\u00eda de Igualdad\",\"description\":\"Consultor\u00eda de Igualdad\",\"publisher\":{\"@id\":\"https:\\\/\\\/www.murgibe.com\\\/#organization\"},\"potentialAction\":[{\"@type\":\"SearchAction\",\"target\":{\"@type\":\"EntryPoint\",\"urlTemplate\":\"https:\\\/\\\/www.murgibe.com\\\/?s={search_term_string}\"},\"query-input\":{\"@type\":\"PropertyValueSpecification\",\"valueRequired\":true,\"valueName\":\"search_term_string\"}}],\"inLanguage\":\"eu-ES\"},{\"@type\":\"Organization\",\"@id\":\"https:\\\/\\\/www.murgibe.com\\\/#organization\",\"name\":\"Murgibe - Consultor\u00eda de Igualdad\",\"url\":\"https:\\\/\\\/www.murgibe.com\\\/\",\"logo\":{\"@type\":\"ImageObject\",\"inLanguage\":\"eu-ES\",\"@id\":\"https:\\\/\\\/www.murgibe.com\\\/#\\\/schema\\\/logo\\\/image\\\/\",\"url\":\"https:\\\/\\\/www.murgibe.com\\\/wp-content\\\/uploads\\\/2021\\\/03\\\/logo.png\",\"contentUrl\":\"https:\\\/\\\/www.murgibe.com\\\/wp-content\\\/uploads\\\/2021\\\/03\\\/logo.png\",\"width\":300,\"height\":150,\"caption\":\"Murgibe - Consultor\u00eda de Igualdad\"},\"image\":{\"@id\":\"https:\\\/\\\/www.murgibe.com\\\/#\\\/schema\\\/logo\\\/image\\\/\"},\"sameAs\":[\"https:\\\/\\\/www.facebook.com\\\/Murgibe-Igualdad-146970052052161\\\/\",\"https:\\\/\\\/x.com\\\/murgibe\"]}]}<\/script>\n<!-- \/ Yoast SEO plugin. -->","yoast_head_json":{"title":"Hizkuntzaren erabilera berdinzalea &#183; Murgibe, Consultor\u00eda de Igualdad","description":"Formaci\u00f3n online sobre la comunicaci\u00f3n y el uso del lenguaje inclusivo.","robots":{"index":"index","follow":"follow","max-snippet":"max-snippet:-1","max-image-preview":"max-image-preview:large","max-video-preview":"max-video-preview:-1"},"canonical":"https:\/\/www.murgibe.com\/eu\/formacion\/comunicacion-y-uso-del-lenguaje-inclusivo\/","og_locale":"eu_ES","og_type":"article","og_title":"Hizkuntzaren erabilera berdinzalea &#183; Murgibe, Consultor\u00eda de Igualdad","og_description":"Formaci\u00f3n online sobre la comunicaci\u00f3n y el uso del lenguaje inclusivo.","og_url":"https:\/\/www.murgibe.com\/eu\/formacion\/comunicacion-y-uso-del-lenguaje-inclusivo\/","og_site_name":"Murgibe, Consultor\u00eda de Igualdad","article_publisher":"https:\/\/www.facebook.com\/Murgibe-Igualdad-146970052052161\/","article_modified_time":"2026-04-29T15:26:34+00:00","twitter_card":"summary_large_image","twitter_site":"@murgibe","twitter_misc":{"Est. reading time":"5 minutes"},"schema":{"@context":"https:\/\/schema.org","@graph":[{"@type":"WebPage","@id":"https:\/\/www.murgibe.com\/eu\/formacion\/comunicacion-y-uso-del-lenguaje-inclusivo\/","url":"https:\/\/www.murgibe.com\/eu\/formacion\/comunicacion-y-uso-del-lenguaje-inclusivo\/","name":"Hizkuntzaren erabilera berdinzalea &#183; Murgibe, Consultor\u00eda de Igualdad","isPartOf":{"@id":"https:\/\/www.murgibe.com\/#website"},"datePublished":"2021-03-25T13:56:50+00:00","dateModified":"2026-04-29T15:26:34+00:00","description":"Formaci\u00f3n online sobre la comunicaci\u00f3n y el uso del lenguaje inclusivo.","breadcrumb":{"@id":"https:\/\/www.murgibe.com\/eu\/formacion\/comunicacion-y-uso-del-lenguaje-inclusivo\/#breadcrumb"},"inLanguage":"eu-ES","potentialAction":[{"@type":"ReadAction","target":["https:\/\/www.murgibe.com\/eu\/formacion\/comunicacion-y-uso-del-lenguaje-inclusivo\/"]}]},{"@type":"BreadcrumbList","@id":"https:\/\/www.murgibe.com\/eu\/formacion\/comunicacion-y-uso-del-lenguaje-inclusivo\/#breadcrumb","itemListElement":[{"@type":"ListItem","position":1,"name":"Portada","item":"https:\/\/www.murgibe.com\/"},{"@type":"ListItem","position":2,"name":"Prestakuntza","item":"https:\/\/www.murgibe.com\/eu\/formacion\/"},{"@type":"ListItem","position":3,"name":"Hizkuntzaren erabilera berdinzalea"}]},{"@type":"WebSite","@id":"https:\/\/www.murgibe.com\/#website","url":"https:\/\/www.murgibe.com\/","name":"Murgibe, Consultor\u00eda de Igualdad","description":"Consultor\u00eda de Igualdad","publisher":{"@id":"https:\/\/www.murgibe.com\/#organization"},"potentialAction":[{"@type":"SearchAction","target":{"@type":"EntryPoint","urlTemplate":"https:\/\/www.murgibe.com\/?s={search_term_string}"},"query-input":{"@type":"PropertyValueSpecification","valueRequired":true,"valueName":"search_term_string"}}],"inLanguage":"eu-ES"},{"@type":"Organization","@id":"https:\/\/www.murgibe.com\/#organization","name":"Murgibe - Consultor\u00eda de Igualdad","url":"https:\/\/www.murgibe.com\/","logo":{"@type":"ImageObject","inLanguage":"eu-ES","@id":"https:\/\/www.murgibe.com\/#\/schema\/logo\/image\/","url":"https:\/\/www.murgibe.com\/wp-content\/uploads\/2021\/03\/logo.png","contentUrl":"https:\/\/www.murgibe.com\/wp-content\/uploads\/2021\/03\/logo.png","width":300,"height":150,"caption":"Murgibe - Consultor\u00eda de Igualdad"},"image":{"@id":"https:\/\/www.murgibe.com\/#\/schema\/logo\/image\/"},"sameAs":["https:\/\/www.facebook.com\/Murgibe-Igualdad-146970052052161\/","https:\/\/x.com\/murgibe"]}]}},"_links":{"self":[{"href":"https:\/\/www.murgibe.com\/eu\/wp-json\/wp\/v2\/pages\/255433","targetHints":{"allow":["GET"]}}],"collection":[{"href":"https:\/\/www.murgibe.com\/eu\/wp-json\/wp\/v2\/pages"}],"about":[{"href":"https:\/\/www.murgibe.com\/eu\/wp-json\/wp\/v2\/types\/page"}],"author":[{"embeddable":true,"href":"https:\/\/www.murgibe.com\/eu\/wp-json\/wp\/v2\/users\/2"}],"replies":[{"embeddable":true,"href":"https:\/\/www.murgibe.com\/eu\/wp-json\/wp\/v2\/comments?post=255433"}],"version-history":[{"count":12,"href":"https:\/\/www.murgibe.com\/eu\/wp-json\/wp\/v2\/pages\/255433\/revisions"}],"predecessor-version":[{"id":257172,"href":"https:\/\/www.murgibe.com\/eu\/wp-json\/wp\/v2\/pages\/255433\/revisions\/257172"}],"up":[{"embeddable":true,"href":"https:\/\/www.murgibe.com\/eu\/wp-json\/wp\/v2\/pages\/255429"}],"wp:attachment":[{"href":"https:\/\/www.murgibe.com\/eu\/wp-json\/wp\/v2\/media?parent=255433"}],"curies":[{"name":"wp","href":"https:\/\/api.w.org\/{rel}","templated":true}]}}