{"id":255458,"date":"2021-04-22T14:51:11","date_gmt":"2021-04-22T12:51:11","guid":{"rendered":"https:\/\/www.murgibe.com\/trabaja-con-nosotras\/"},"modified":"2025-08-25T10:05:12","modified_gmt":"2025-08-25T08:05:12","slug":"gurekin-lan-egin","status":"publish","type":"page","link":"https:\/\/www.murgibe.com\/eu\/gurekin-lan-egin\/","title":{"rendered":"Gurekin lan egin"},"content":{"rendered":"<p>[et_pb_section fb_built=&#8221;1&#8243; _builder_version=&#8221;4.16&#8243; _module_preset=&#8221;default&#8221; background_color=&#8221;rgba(255,255,255,0.65)&#8221; background_image=&#8221;https:\/\/www.murgibe.com\/wp-content\/uploads\/2021\/04\/trabaja_con_nosotras_encabezado.jpg&#8221; background_blend=&#8221;overlay&#8221; height=&#8221;350px&#8221; height_tablet=&#8221;&#8221; height_phone=&#8221;&#8221; height_last_edited=&#8221;on|tablet&#8221; custom_padding=&#8221;||0px|||&#8221; top_divider_style=&#8221;asymmetric4&#8243; top_divider_color=&#8221;rgba(17,172,223,0.5)&#8221; top_divider_height=&#8221;75px&#8221; top_divider_height_tablet=&#8221;55px&#8221; top_divider_height_phone=&#8221;&#8221; top_divider_height_last_edited=&#8221;on|phone&#8221; global_colors_info=&#8221;{}&#8221;][et_pb_row custom_padding_last_edited=&#8221;off|phone&#8221; _builder_version=&#8221;4.16&#8243; _module_preset=&#8221;default&#8221; custom_padding=&#8221;4%||||false|false&#8221; global_colors_info=&#8221;{}&#8221;][et_pb_column type=&#8221;4_4&#8243; _builder_version=&#8221;4.16&#8243; _module_preset=&#8221;default&#8221; global_colors_info=&#8221;{}&#8221;][et_pb_post_title meta=&#8221;off&#8221; featured_image=&#8221;off&#8221; _builder_version=&#8221;4.16&#8243; _module_preset=&#8221;default&#8221; title_font_size=&#8221;45px&#8221; title_line_height=&#8221;1.2em&#8221; title_text_align_tablet=&#8221;center&#8221; title_text_align_phone=&#8221;&#8221; title_text_align_last_edited=&#8221;on|tablet&#8221; title_font_size_tablet=&#8221;40px&#8221; title_font_size_phone=&#8221;30px&#8221; title_font_size_last_edited=&#8221;on|desktop&#8221; title_text_shadow_style=&#8221;preset1&#8243; title_text_shadow_color=&#8221;rgba(87,87,87,0.3)&#8221; global_colors_info=&#8221;{}&#8221;][\/et_pb_post_title][\/et_pb_column][\/et_pb_row][\/et_pb_section][et_pb_section fb_built=&#8221;1&#8243; _builder_version=&#8221;4.16&#8243; _module_preset=&#8221;default&#8221; custom_padding=&#8221;75px||100px||false|false&#8221; bottom_divider_style=&#8221;asymmetric3&#8243; bottom_divider_color=&#8221;#333333&#8243; bottom_divider_height=&#8221;30px&#8221; global_colors_info=&#8221;{}&#8221;][et_pb_row _builder_version=&#8221;4.16&#8243; _module_preset=&#8221;default&#8221; custom_padding=&#8221;0px||0px|||&#8221; global_colors_info=&#8221;{}&#8221;][et_pb_column type=&#8221;4_4&#8243; _builder_version=&#8221;4.16&#8243; _module_preset=&#8221;default&#8221; global_colors_info=&#8221;{}&#8221;][et_pb_text _builder_version=&#8221;4.16&#8243; _module_preset=&#8221;default&#8221; global_colors_info=&#8221;{}&#8221;]En Murgibe buscamos personas con ganas de poner en pr\u00e1ctica sus conocimientos en la materia. Necesitamos personas con inter\u00e9s e ilusi\u00f3n por:<\/p>\n<p><span style=\"color: #11acdf;\"><i class=\"fas fa-check\"><\/i><\/span> Trabajar en equipo.<br \/>\n<span style=\"color: #11acdf;\"><i class=\"fas fa-check\"><\/i><\/span> Desarrollar su creatividad.<br \/>\n<span style=\"color: #11acdf;\"><i class=\"fas fa-check\"><\/i><\/span> Compromiso con los valores de igualdad.<br \/>\n<span style=\"color: #11acdf;\"><i class=\"fas fa-check\"><\/i><\/span> Empat\u00eda.<br \/>\n<span style=\"color: #11acdf;\"><i class=\"fas fa-check\"><\/i><\/span> Capacidad de autogesti\u00f3n.<\/p>\n<p>Si quieres formar parte del equipo env\u00edanos tu curriculum, para que cuando tengamos alguna oferta de trabajo, nos pongamos en contacto contigo.[\/et_pb_text][et_pb_code _builder_version=&#8221;4.16&#8243; _module_preset=&#8221;default&#8221; width=&#8221;75%&#8221; width_tablet=&#8221;100%&#8221; width_phone=&#8221;&#8221; width_last_edited=&#8221;on|phone&#8221; module_alignment=&#8221;center&#8221; global_colors_info=&#8221;{}&#8221;]<style type=\"text\/css\">.super-form:not(.super-initialized) *:not(.super-load-icon) { visibility: hidden !important; }<\/style><div id=\"super-form-254931\" style=\"margin:0px 0px 0px 0px;\" class=\"super-form super-form-254931  super-default-squared super-field-size-large super-adaptive\" data-hide=\"true\" data-overlay=\"true\" data-disable-enter=\"true\" data-field-size=\"large\"><span class=\"super-load-icon\"><\/span><form tabindex=\"0\" autocomplete=\"on\" enctype=\"multipart\/form-data\"><input type=\"hidden\" name=\"sf_nonce\" value=\"\" \/><input type=\"text\" name=\"super_hp\" size=\"25\" value=\"\" \/><div class=\"super-shortcode super-field super-hidden\"><input class=\"super-shortcode-field\" type=\"hidden\" value=\"254931\" name=\"hidden_form_id\" \/><\/div><div class=\"super-grid super-shortcode\"><div class=\"super-shortcode super_one_half super-column grid-level-0 column-number-1 first-column \"><div class=\"super-shortcode super-field super-text   super-ungrouped  \"><div class=\"super-field-wrapper \"><input tabindex=\"-1\" class=\"super-shortcode-field\" type=\"text\" name=\"first_name\" data-oname=\"first_name\" data-validation=\"empty\" data-email=\"Nombre:\" data-exclude=\"0\" data-absolute-default=\"\" data-default-value=\"\" \/><span class=\"super-adaptive-placeholder\" data-placeholder=\"Nombre *\" data-placeholderFilled=\"Nombre\"><span>Nombre *<\/span><\/span><\/div><div class=\"super-error-msg\">Field is required!<\/div><div class=\"super-empty-error-msg\">Field is required!<\/div><\/div><div class=\"super-shortcode super-field super-text   super-ungrouped  \"><div class=\"super-field-wrapper \"><input tabindex=\"-1\" class=\"super-shortcode-field\" type=\"email\" name=\"correo electr\u00f3nico\" data-oname=\"correo electr\u00f3nico\" data-validation=\"email\" data-email=\"Correo electr\u00f3nico:\" data-exclude=\"0\" data-absolute-default=\"\" data-default-value=\"\" \/><span class=\"super-adaptive-placeholder\" data-placeholder=\"Email de contacto *\" data-placeholderFilled=\"Email de contacto\"><span>Email de contacto *<\/span><\/span><\/div><div class=\"super-error-msg\">Field is required!<\/div><div class=\"super-empty-error-msg\">Field is required!<\/div><\/div><\/div><div class=\"super-shortcode super_one_half super-column grid-level-0 column-number-2  \"><div class=\"super-shortcode super-field super-text   super-ungrouped  \"><div class=\"super-field-wrapper \"><input tabindex=\"-1\" class=\"super-shortcode-field\" type=\"text\" name=\"last_name\" data-oname=\"last_name\" data-validation=\"empty\" data-email=\"Apellidos:\" data-exclude=\"0\" data-absolute-default=\"\" data-default-value=\"\" \/><span class=\"super-adaptive-placeholder\" data-placeholder=\"Apellidos *\" data-placeholderFilled=\"Apellido\"><span>Apellidos *<\/span><\/span><\/div><div class=\"super-error-msg\">Field is required!<\/div><div class=\"super-empty-error-msg\">Field is required!<\/div><\/div><div class=\"super-shortcode super-field super-text   super-ungrouped  \"><div class=\"super-field-wrapper \"><input tabindex=\"-1\" class=\"super-shortcode-field\" type=\"tel\" name=\"n\u00famero de tel\u00e9fono\" data-oname=\"n\u00famero de tel\u00e9fono\" data-validation=\"empty\" data-email=\"N\u00famero de tel\u00e9fono:\" data-exclude=\"0\" data-absolute-default=\"\" data-default-value=\"\" \/><span class=\"super-adaptive-placeholder\" data-placeholder=\"Tel\u00e9fono de contacto *\" data-placeholderFilled=\"Tel\u00e9fono de contacto\"><span>Tel\u00e9fono de contacto *<\/span><\/span><\/div><div class=\"super-error-msg\">Field is required!<\/div><div class=\"super-empty-error-msg\">Field is required!<\/div><\/div><\/div><\/div><div class=\"super-grid super-shortcode\"><div class=\"super-shortcode super_one_full super-column grid-level-0 column-number-1 first-column \"><div class=\"super-shortcode super-field super-text   super-ungrouped  \"><div class=\"super-field-wrapper \"><input tabindex=\"-1\" class=\"super-shortcode-field\" type=\"text\" name=\"nombre\" data-oname=\"nombre\" data-validation=\"empty\" data-email=\"Titulaci\u00f3n:\" data-exclude=\"0\" data-absolute-default=\"\" data-default-value=\"\" \/><span class=\"super-adaptive-placeholder\" data-placeholder=\"Titulaci\u00f3n *\" data-placeholderFilled=\"Titulaci\u00f3n\"><span>Titulaci\u00f3n *<\/span><\/span><\/div><div class=\"super-error-msg\">Field is required!<\/div><div class=\"super-empty-error-msg\">Field is required!<\/div><\/div><div class=\"super-shortcode super-field super-textarea   super-ungrouped  \"><div class=\"super-field-wrapper \"><textarea tabindex=\"-1\" class=\"super-shortcode-field\" name=\"pregunta\" data-oname=\"pregunta\" data-validation=\"empty\" data-email=\"Formaci\u00f3n en g\u00e9nero:\" data-exclude=\"0\" data-absolute-default=\"\" data-default-value=\"\" ><\/textarea><span class=\"super-adaptive-placeholder\" data-placeholder=\"Formaci\u00f3n en g\u00e9nero *\" data-placeholderFilled=\"Formaci\u00f3n en g\u00e9nero *\"><span>Formaci\u00f3n en g\u00e9nero *<\/span><\/span><\/div><div class=\"super-error-msg\">Field is required!<\/div><div class=\"super-empty-error-msg\">Field is required!<\/div><\/div><div class=\"super-shortcode super-field super-checkbox super-has-only-label   super-ungrouped   display-grid super-c-2\"><div class=\"super-label super-bottom-margin\">\u00c1mbito de trabajo *<\/div><div class=\"super-field-wrapper \"><div class=\"super-items-list\"><label class=\"super-item\" ><span class=\"super-before\"><span class=\"super-after\"><\/span><\/span><input type=\"checkbox\" value=\"Agente de Igualdad\" \/><div>Agente de Igualdad<\/div><\/label><label class=\"super-item\" ><span class=\"super-before\"><span class=\"super-after\"><\/span><\/span><input type=\"checkbox\" value=\"Perspectiva de G\u00e9nero\" \/><div>Perspectiva de G\u00e9nero<\/div><\/label><label class=\"super-item\" ><span class=\"super-before\"><span class=\"super-after\"><\/span><\/span><input type=\"checkbox\" value=\"Investigaci\u00f3n\" \/><div>Investigaci\u00f3n<\/div><\/label><label class=\"super-item\" ><span class=\"super-before\"><span class=\"super-after\"><\/span><\/span><input type=\"checkbox\" value=\"Violencia contra las mujeres\" \/><div>Violencia contra las mujeres<\/div><\/label><label class=\"super-item\" ><span class=\"super-before\"><span class=\"super-after\"><\/span><\/span><input type=\"checkbox\" value=\"Empresa\" \/><div>Empresa<\/div><\/label><label class=\"super-item\" ><span class=\"super-before\"><span class=\"super-after\"><\/span><\/span><input type=\"checkbox\" value=\"Coeducaci\u00f3n\" \/><div>Coeducaci\u00f3n<\/div><\/label><label class=\"super-item\" ><span class=\"super-before\"><span class=\"super-after\"><\/span><\/span><input type=\"checkbox\" value=\"Consultor\u00eda\" \/><div>Consultor\u00eda<\/div><\/label><label class=\"super-item\" ><span class=\"super-before\"><span class=\"super-after\"><\/span><\/span><input type=\"checkbox\" value=\"Juventud\" \/><div>Juventud<\/div><\/label><label class=\"super-item\" ><span class=\"super-before\"><span class=\"super-after\"><\/span><\/span><input type=\"checkbox\" value=\"Urbanismo\" \/><div>Urbanismo<\/div><\/label><label class=\"super-item\" ><span class=\"super-before\"><span class=\"super-after\"><\/span><\/span><input type=\"checkbox\" value=\"Otros\" \/><div>Otros<\/div><\/label><\/div><input class=\"super-shortcode-field\" type=\"hidden\" name=\"opci\u00f3n\" value=\"\" data-oname=\"opci\u00f3n\" data-validation=\"empty\" data-email=\"\u00c1mbito de trabajo:\" data-exclude=\"0\" data-absolute-default=\"\" data-default-value=\"\" \/><\/div><div class=\"super-error-msg\">Field is required!<\/div><div class=\"super-empty-error-msg\">Field is required!<\/div><\/div><div class=\"super-shortcode super-field super-radio super-has-only-label   super-ungrouped   display-horizontal\"><div class=\"super-label super-bottom-margin\">Conocimiento de Euskera *<\/div><div class=\"super-field-wrapper \"><div class=\"super-items-list\"><label class=\"super-item\" ><span class=\"super-before\"><span class=\"super-after\"><\/span><\/span><input type=\"radio\" value=\"Si\" \/><div>Si<\/div><\/label><label class=\"super-item\" ><span class=\"super-before\"><span class=\"super-after\"><\/span><\/span><input type=\"radio\" value=\"No\" \/><div>No<\/div><\/label><\/div><input class=\"super-shortcode-field\" type=\"hidden\" name=\"opci\u00f3n_1\" value=\"\" data-oname=\"opci\u00f3n_1\" data-validation=\"empty\" data-email=\"Conocimiento de Euskera:\" data-exclude=\"0\" data-absolute-default=\"\" data-default-value=\"\" \/><\/div><div class=\"super-error-msg\">Field is required!<\/div><div class=\"super-empty-error-msg\">Field is required!<\/div><\/div><div class=\"super-shortcode super-field super-file super-has-only-label   super-ungrouped  \"><div class=\"super-label super-bottom-margin\">Adjunta aqu\u00ed tu CV<\/div><div class=\"super-field-wrapper \"><div class=\"super-fileupload-button\"><i class=\"fas fa-plus\"><\/i><span class=\"super-fileupload-button-text\">Selecciona un fichero...<\/span><\/div><input tabindex=\"-1\" class=\"super-shortcode-field super-fileupload\" type=\"file\" name=\"files[]\"  data-file-size=\"5\" data-upload-limit=\"5\" data-accept-file-types=\"jpg|jpeg|png|pdf|doc|docx|pages|odt|ppt|pptx|pps|ppsx|JPG|JPEG|PNG|PDF|DOC|DOCX|PAGES|ODT|PPT|PPTX|PPS|PPSX\" \/><input class=\"super-active-files\" type=\"hidden\" value=\"\" name=\"archivo\" data-oname=\"archivo\" data-email=\"CV:\" data-exclude=\"0\" data-absolute-default=\"\" \/><div class=\"super-progress-bar\"><\/div><div class=\"super-fileupload-files\"><\/div><\/div><div class=\"super-error-msg\">Field is required!<\/div><div class=\"super-empty-error-msg\">Field is required!<\/div><\/div><div class=\"super-shortcode super-field super-recaptcha  super-align-right  super-ungrouped  \"><div class=\"super-recaptcha align-right\" data-sitekey=\"6Le0flssAAAAAL7QzOqzOG2MEVyn5DkCj8FIJx0T\"><\/div><\/div><\/div><\/div><div data-color=\"#11acdf\" data-light=\"#25c0f3\" data-dark=\"#008ec1\" data-hover-color=\"#ffffff\" data-hover-light=\"#ffffff\" data-hover-dark=\"#e1e1e1\" data-font=\"#ffffff\" data-font-hover=\"#11acdf\" data-radius=\"square\" data-type=\"flat\" class=\"super-extra-shortcode super-shortcode super-field super-button super-clear-none super-form-button super-radius-square super-type-flat super-button-large super-button-align-right super-button-width-auto super-button-icon-option-right super-button-icon-visibility-visible\"><div data-href=\"\" class=\"super-button-wrap no_link\"><span class=\"super-before\"><i class=\"fas fa-mail-bulk\"><\/i><\/span><div class=\"super-button-name\" data-action=\"submit\" data-normal=\"Enviar\" data-loading=\"Enviando...\">Enviar<\/div><span class=\"super-after\"><\/span><\/div><\/div><\/form><\/div>[\/et_pb_code][\/et_pb_column][\/et_pb_row][\/et_pb_section]<\/p>\n","protected":false},"excerpt":{"rendered":"<p>En Murgibe buscamos personas con ganas de poner en pr\u00e1ctica sus conocimientos en la materia. Necesitamos personas con inter\u00e9s e ilusi\u00f3n.<\/p>\n","protected":false},"author":2,"featured_media":0,"parent":0,"menu_order":0,"comment_status":"closed","ping_status":"closed","template":"","meta":{"_et_pb_use_builder":"on","_et_pb_old_content":"","_et_gb_content_width":"","footnotes":""},"class_list":["post-255458","page","type-page","status-publish","hentry"],"yoast_head":"<!-- This site is optimized with the Yoast SEO plugin v27.3 - https:\/\/yoast.com\/product\/yoast-seo-wordpress\/ -->\n<title>Gurekin lan egin &#183; Murgibe, Consultor\u00eda de Igualdad<\/title>\n<meta name=\"description\" content=\"En Murgibe buscamos personas con ganas de poner en pr\u00e1ctica sus conocimientos en la materia. Necesitamos personas con inter\u00e9s e ilusi\u00f3n.\" \/>\n<meta name=\"robots\" content=\"index, follow, max-snippet:-1, max-image-preview:large, max-video-preview:-1\" \/>\n<link rel=\"canonical\" href=\"https:\/\/www.murgibe.com\/eu\/gurekin-lan-egin\/\" \/>\n<meta property=\"og:locale\" content=\"eu_ES\" \/>\n<meta property=\"og:type\" content=\"article\" \/>\n<meta property=\"og:title\" content=\"Gurekin lan egin &#183; Murgibe, Consultor\u00eda de Igualdad\" \/>\n<meta property=\"og:description\" content=\"En Murgibe buscamos personas con ganas de poner en pr\u00e1ctica sus conocimientos en la materia. Necesitamos personas con inter\u00e9s e ilusi\u00f3n.\" \/>\n<meta property=\"og:url\" content=\"https:\/\/www.murgibe.com\/eu\/gurekin-lan-egin\/\" \/>\n<meta property=\"og:site_name\" content=\"Murgibe, Consultor\u00eda de Igualdad\" \/>\n<meta property=\"article:publisher\" content=\"https:\/\/www.facebook.com\/Murgibe-Igualdad-146970052052161\/\" \/>\n<meta property=\"article:modified_time\" content=\"2025-08-25T08:05:12+00:00\" \/>\n<meta name=\"twitter:card\" content=\"summary_large_image\" \/>\n<meta name=\"twitter:site\" content=\"@murgibe\" \/>\n<meta name=\"twitter:label1\" content=\"Est. reading time\" \/>\n\t<meta name=\"twitter:data1\" content=\"1 minute\" \/>\n<script type=\"application\/ld+json\" class=\"yoast-schema-graph\">{\"@context\":\"https:\\\/\\\/schema.org\",\"@graph\":[{\"@type\":\"WebPage\",\"@id\":\"https:\\\/\\\/www.murgibe.com\\\/eu\\\/gurekin-lan-egin\\\/\",\"url\":\"https:\\\/\\\/www.murgibe.com\\\/eu\\\/gurekin-lan-egin\\\/\",\"name\":\"Gurekin lan egin &#183; Murgibe, Consultor\u00eda de Igualdad\",\"isPartOf\":{\"@id\":\"https:\\\/\\\/www.murgibe.com\\\/#website\"},\"datePublished\":\"2021-04-22T12:51:11+00:00\",\"dateModified\":\"2025-08-25T08:05:12+00:00\",\"description\":\"En Murgibe buscamos personas con ganas de poner en pr\u00e1ctica sus conocimientos en la materia. Necesitamos personas con inter\u00e9s e ilusi\u00f3n.\",\"breadcrumb\":{\"@id\":\"https:\\\/\\\/www.murgibe.com\\\/eu\\\/gurekin-lan-egin\\\/#breadcrumb\"},\"inLanguage\":\"eu-ES\",\"potentialAction\":[{\"@type\":\"ReadAction\",\"target\":[\"https:\\\/\\\/www.murgibe.com\\\/eu\\\/gurekin-lan-egin\\\/\"]}]},{\"@type\":\"BreadcrumbList\",\"@id\":\"https:\\\/\\\/www.murgibe.com\\\/eu\\\/gurekin-lan-egin\\\/#breadcrumb\",\"itemListElement\":[{\"@type\":\"ListItem\",\"position\":1,\"name\":\"Portada\",\"item\":\"https:\\\/\\\/www.murgibe.com\\\/\"},{\"@type\":\"ListItem\",\"position\":2,\"name\":\"Gurekin lan egin\"}]},{\"@type\":\"WebSite\",\"@id\":\"https:\\\/\\\/www.murgibe.com\\\/#website\",\"url\":\"https:\\\/\\\/www.murgibe.com\\\/\",\"name\":\"Murgibe, Consultor\u00eda de Igualdad\",\"description\":\"Consultor\u00eda de Igualdad\",\"publisher\":{\"@id\":\"https:\\\/\\\/www.murgibe.com\\\/#organization\"},\"potentialAction\":[{\"@type\":\"SearchAction\",\"target\":{\"@type\":\"EntryPoint\",\"urlTemplate\":\"https:\\\/\\\/www.murgibe.com\\\/?s={search_term_string}\"},\"query-input\":{\"@type\":\"PropertyValueSpecification\",\"valueRequired\":true,\"valueName\":\"search_term_string\"}}],\"inLanguage\":\"eu-ES\"},{\"@type\":\"Organization\",\"@id\":\"https:\\\/\\\/www.murgibe.com\\\/#organization\",\"name\":\"Murgibe - Consultor\u00eda de Igualdad\",\"url\":\"https:\\\/\\\/www.murgibe.com\\\/\",\"logo\":{\"@type\":\"ImageObject\",\"inLanguage\":\"eu-ES\",\"@id\":\"https:\\\/\\\/www.murgibe.com\\\/#\\\/schema\\\/logo\\\/image\\\/\",\"url\":\"https:\\\/\\\/www.murgibe.com\\\/wp-content\\\/uploads\\\/2021\\\/03\\\/logo.png\",\"contentUrl\":\"https:\\\/\\\/www.murgibe.com\\\/wp-content\\\/uploads\\\/2021\\\/03\\\/logo.png\",\"width\":300,\"height\":150,\"caption\":\"Murgibe - Consultor\u00eda de Igualdad\"},\"image\":{\"@id\":\"https:\\\/\\\/www.murgibe.com\\\/#\\\/schema\\\/logo\\\/image\\\/\"},\"sameAs\":[\"https:\\\/\\\/www.facebook.com\\\/Murgibe-Igualdad-146970052052161\\\/\",\"https:\\\/\\\/x.com\\\/murgibe\"]}]}<\/script>\n<!-- \/ Yoast SEO plugin. -->","yoast_head_json":{"title":"Gurekin lan egin &#183; Murgibe, Consultor\u00eda de Igualdad","description":"En Murgibe buscamos personas con ganas de poner en pr\u00e1ctica sus conocimientos en la materia. Necesitamos personas con inter\u00e9s e ilusi\u00f3n.","robots":{"index":"index","follow":"follow","max-snippet":"max-snippet:-1","max-image-preview":"max-image-preview:large","max-video-preview":"max-video-preview:-1"},"canonical":"https:\/\/www.murgibe.com\/eu\/gurekin-lan-egin\/","og_locale":"eu_ES","og_type":"article","og_title":"Gurekin lan egin &#183; Murgibe, Consultor\u00eda de Igualdad","og_description":"En Murgibe buscamos personas con ganas de poner en pr\u00e1ctica sus conocimientos en la materia. Necesitamos personas con inter\u00e9s e ilusi\u00f3n.","og_url":"https:\/\/www.murgibe.com\/eu\/gurekin-lan-egin\/","og_site_name":"Murgibe, Consultor\u00eda de Igualdad","article_publisher":"https:\/\/www.facebook.com\/Murgibe-Igualdad-146970052052161\/","article_modified_time":"2025-08-25T08:05:12+00:00","twitter_card":"summary_large_image","twitter_site":"@murgibe","twitter_misc":{"Est. reading time":"1 minute"},"schema":{"@context":"https:\/\/schema.org","@graph":[{"@type":"WebPage","@id":"https:\/\/www.murgibe.com\/eu\/gurekin-lan-egin\/","url":"https:\/\/www.murgibe.com\/eu\/gurekin-lan-egin\/","name":"Gurekin lan egin &#183; Murgibe, Consultor\u00eda de Igualdad","isPartOf":{"@id":"https:\/\/www.murgibe.com\/#website"},"datePublished":"2021-04-22T12:51:11+00:00","dateModified":"2025-08-25T08:05:12+00:00","description":"En Murgibe buscamos personas con ganas de poner en pr\u00e1ctica sus conocimientos en la materia. Necesitamos personas con inter\u00e9s e ilusi\u00f3n.","breadcrumb":{"@id":"https:\/\/www.murgibe.com\/eu\/gurekin-lan-egin\/#breadcrumb"},"inLanguage":"eu-ES","potentialAction":[{"@type":"ReadAction","target":["https:\/\/www.murgibe.com\/eu\/gurekin-lan-egin\/"]}]},{"@type":"BreadcrumbList","@id":"https:\/\/www.murgibe.com\/eu\/gurekin-lan-egin\/#breadcrumb","itemListElement":[{"@type":"ListItem","position":1,"name":"Portada","item":"https:\/\/www.murgibe.com\/"},{"@type":"ListItem","position":2,"name":"Gurekin lan egin"}]},{"@type":"WebSite","@id":"https:\/\/www.murgibe.com\/#website","url":"https:\/\/www.murgibe.com\/","name":"Murgibe, Consultor\u00eda de Igualdad","description":"Consultor\u00eda de Igualdad","publisher":{"@id":"https:\/\/www.murgibe.com\/#organization"},"potentialAction":[{"@type":"SearchAction","target":{"@type":"EntryPoint","urlTemplate":"https:\/\/www.murgibe.com\/?s={search_term_string}"},"query-input":{"@type":"PropertyValueSpecification","valueRequired":true,"valueName":"search_term_string"}}],"inLanguage":"eu-ES"},{"@type":"Organization","@id":"https:\/\/www.murgibe.com\/#organization","name":"Murgibe - Consultor\u00eda de Igualdad","url":"https:\/\/www.murgibe.com\/","logo":{"@type":"ImageObject","inLanguage":"eu-ES","@id":"https:\/\/www.murgibe.com\/#\/schema\/logo\/image\/","url":"https:\/\/www.murgibe.com\/wp-content\/uploads\/2021\/03\/logo.png","contentUrl":"https:\/\/www.murgibe.com\/wp-content\/uploads\/2021\/03\/logo.png","width":300,"height":150,"caption":"Murgibe - Consultor\u00eda de Igualdad"},"image":{"@id":"https:\/\/www.murgibe.com\/#\/schema\/logo\/image\/"},"sameAs":["https:\/\/www.facebook.com\/Murgibe-Igualdad-146970052052161\/","https:\/\/x.com\/murgibe"]}]}},"_links":{"self":[{"href":"https:\/\/www.murgibe.com\/eu\/wp-json\/wp\/v2\/pages\/255458","targetHints":{"allow":["GET"]}}],"collection":[{"href":"https:\/\/www.murgibe.com\/eu\/wp-json\/wp\/v2\/pages"}],"about":[{"href":"https:\/\/www.murgibe.com\/eu\/wp-json\/wp\/v2\/types\/page"}],"author":[{"embeddable":true,"href":"https:\/\/www.murgibe.com\/eu\/wp-json\/wp\/v2\/users\/2"}],"replies":[{"embeddable":true,"href":"https:\/\/www.murgibe.com\/eu\/wp-json\/wp\/v2\/comments?post=255458"}],"version-history":[{"count":5,"href":"https:\/\/www.murgibe.com\/eu\/wp-json\/wp\/v2\/pages\/255458\/revisions"}],"predecessor-version":[{"id":256887,"href":"https:\/\/www.murgibe.com\/eu\/wp-json\/wp\/v2\/pages\/255458\/revisions\/256887"}],"wp:attachment":[{"href":"https:\/\/www.murgibe.com\/eu\/wp-json\/wp\/v2\/media?parent=255458"}],"curies":[{"name":"wp","href":"https:\/\/api.w.org\/{rel}","templated":true}]}}